{"id":24733,"date":"2025-11-24T12:02:50","date_gmt":"2025-11-24T11:02:50","guid":{"rendered":"https:\/\/www.rdvcarthage.com\/?page_id=24733"},"modified":"2026-01-29T20:56:10","modified_gmt":"2026-01-29T19:56:10","slug":"inscription","status":"publish","type":"page","link":"https:\/\/www.rdvcarthage.com\/en\/inscription\/","title":{"rendered":"Registration"},"content":{"rendered":"<div data-elementor-type=\"wp-page\" data-elementor-id=\"24733\" class=\"elementor elementor-24733\">\n\t\t\t\t<div class=\"e-con-gap-no elementor-element elementor-element-undefined-7743383 e-con-full e-flex sc_layouts_column_icons_position_left magic-button-disabled-no e-con e-parent\" data-id=\"undefined-7743383\" data-element_type=\"container\">\n\t\t<div class=\"elementor-element elementor-element-undefined-7ab3958 e-con-full e-flex sc_layouts_column_icons_position_left magic-button-disabled-no e-con e-child\" data-id=\"undefined-7ab3958\" data-element_type=\"container\">\n\t\t\t\t<div class=\"elementor-element elementor-element-undefined-5a930cd sc_fly_static elementor-widget elementor-widget-heading\" data-id=\"undefined-5a930cd\" data-element_type=\"widget\" data-widget_type=\"heading.default\">\n\t\t\t\t\t<h2 class=\"elementor-heading-title elementor-size-default\">Registration<\/h2>\t\t\t\t<\/div>\n\t\t\t\t<div class=\"elementor-element elementor-element-02e60f0 sc_fly_static elementor-widget elementor-widget-text-editor\" data-id=\"02e60f0\" data-element_type=\"widget\" data-widget_type=\"text-editor.default\">\n\t\t\t\t\t\t\t\t\t<p><strong>Registration fees are as follows:<\/strong><\/p><ul><li>1000 TND for <strong>Tunisian applicants<\/strong><\/li><li>850 USD for<strong> Foreign applicants<\/strong>\u00a0<\/li><\/ul>\t\t\t\t\t\t\t\t<\/div>\n\t\t\t\t<div class=\"elementor-element elementor-element-6b09edb elementor-widget-divider--view-line sc_fly_static elementor-widget elementor-widget-divider\" data-id=\"6b09edb\" data-element_type=\"widget\" data-widget_type=\"divider.default\">\n\t\t\t\t\t\t\t<div class=\"elementor-divider\">\n\t\t\t<span class=\"elementor-divider-separator\">\n\t\t\t\t\t\t<\/span>\n\t\t<\/div>\n\t\t\t\t\t\t<\/div>\n\t\t\t\t<div class=\"elementor-element elementor-element-7c5c391 sc_fly_static elementor-widget elementor-widget-html\" data-id=\"7c5c391\" data-element_type=\"widget\" data-no-translation=\"\" data-widget_type=\"html.default\">\n\t\t\t\t\t<style>.elementor-element-7c5c391{display:none !important}<\/style>\t\t\t\t<\/div>\n\t\t\t\t<\/div>\n\t\t<div class=\"elementor-element elementor-element-28a41e6 e-con-full e-flex sc_layouts_column_icons_position_left magic-button-disabled-no e-con e-child\" data-id=\"28a41e6\" data-element_type=\"container\" data-no-translation=\"\">\n\t\t\t\t<div class=\"elementor-element elementor-element-0a4f330 sc_fly_static elementor-widget elementor-widget-html\" data-id=\"0a4f330\" data-element_type=\"widget\" data-no-translation=\"\" data-widget_type=\"html.default\">\n\t\t\t\t\t<iframe name=\"inscription-RDV-Carthage\" width=\"800px\" height=\"1800px\" src=\"https:\/\/registration.rdvcarthage.com\/18th-carthagee-insurance-rendez-vous?lang=en\" scrolling=\"yes\" marginwidth=\"0\" marginheight=\"0\" style=\"border:none;\"><\/iframe>\t\t\t\t<\/div>\n\t\t\t\t<\/div>\n\t\t\t\t<\/div>\n\t\t\t\t<\/div>","protected":false},"excerpt":{"rendered":"<p>Inscription Les frais d\u2019inscription s\u2019\u00e9l\u00e8vent \u00e0\u00a0: 1000 DT pour les participants tunisiens 850 USD pour les participants \u00e9trangers\u00a0<\/p>","protected":false},"author":1,"featured_media":0,"parent":0,"menu_order":0,"comment_status":"closed","ping_status":"closed","template":"","meta":{"footnotes":""},"class_list":["post-24733","page","type-page","status-publish","hentry"],"_links":{"self":[{"href":"https:\/\/www.rdvcarthage.com\/en\/wp-json\/wp\/v2\/pages\/24733","targetHints":{"allow":["GET"]}}],"collection":[{"href":"https:\/\/www.rdvcarthage.com\/en\/wp-json\/wp\/v2\/pages"}],"about":[{"href":"https:\/\/www.rdvcarthage.com\/en\/wp-json\/wp\/v2\/types\/page"}],"author":[{"embeddable":true,"href":"https:\/\/www.rdvcarthage.com\/en\/wp-json\/wp\/v2\/users\/1"}],"replies":[{"embeddable":true,"href":"https:\/\/www.rdvcarthage.com\/en\/wp-json\/wp\/v2\/comments?post=24733"}],"version-history":[{"count":31,"href":"https:\/\/www.rdvcarthage.com\/en\/wp-json\/wp\/v2\/pages\/24733\/revisions"}],"predecessor-version":[{"id":25623,"href":"https:\/\/www.rdvcarthage.com\/en\/wp-json\/wp\/v2\/pages\/24733\/revisions\/25623"}],"wp:attachment":[{"href":"https:\/\/www.rdvcarthage.com\/en\/wp-json\/wp\/v2\/media?parent=24733"}],"curies":[{"name":"wp","href":"https:\/\/api.w.org\/{rel}","templated":true}]}}