{"id":24375,"date":"2025-11-19T12:56:53","date_gmt":"2025-11-19T11:56:53","guid":{"rendered":"https:\/\/www.rdvcarthage.com\/?page_id=24375"},"modified":"2025-12-03T08:22:52","modified_gmt":"2025-12-03T07:22:52","slug":"visa-tunisie","status":"publish","type":"page","link":"https:\/\/www.rdvcarthage.com\/en\/visa-tunisie\/","title":{"rendered":"Visa"},"content":{"rendered":"<div data-elementor-type=\"wp-page\" data-elementor-id=\"24375\" class=\"elementor elementor-24375\">\n\t\t\t\t<div class=\"elementor-element elementor-element-3ce22a8 e-con-full e-flex sc_layouts_column_icons_position_left magic-button-disabled-no e-con e-parent\" data-id=\"3ce22a8\" data-element_type=\"container\">\n\t\t<div class=\"elementor-element elementor-element-66942b9 e-con-full e-flex sc_layouts_column_icons_position_left magic-button-disabled-no e-con e-child\" data-id=\"66942b9\" data-element_type=\"container\">\n\t\t\t\t<div class=\"elementor-element elementor-element-1808184 sc_fly_static elementor-widget elementor-widget-heading\" data-id=\"1808184\" data-element_type=\"widget\" data-widget_type=\"heading.default\">\n\t\t\t\t\t<h2 class=\"elementor-heading-title elementor-size-default\">Visa<\/h2>\t\t\t\t<\/div>\n\t\t\t\t<div class=\"elementor-element elementor-element-6850603 elementor-widget-divider--view-line sc_fly_static elementor-widget elementor-widget-divider\" data-id=\"6850603\" data-element_type=\"widget\" data-widget_type=\"divider.default\">\n\t\t\t\t\t\t\t<div class=\"elementor-divider\">\n\t\t\t<span class=\"elementor-divider-separator\">\n\t\t\t\t\t\t<\/span>\n\t\t<\/div>\n\t\t\t\t\t\t<\/div>\n\t\t\t\t<div class=\"elementor-element elementor-element-d4f36fd sc_fly_static elementor-widget elementor-widget-text-editor\" data-id=\"d4f36fd\" data-element_type=\"widget\" data-widget_type=\"text-editor.default\">\n\t\t\t\t\t\t\t\t\t<h6><strong>In the absence of a Tunisian embassy or diplomatic office in your country, you are kindly requested to complete this form and send it back to us.\u00a0<span style=\"text-decoration: underline;\"><a class=\"text-white\" href=\"mailto:houaida.benmahmoud@ftusa.tn\">houaida.benmahmoud@ftusa.tn<\/a>.<\/span><\/strong><\/h6>\t\t\t\t\t\t\t\t<\/div>\n\t\t\t\t<div class=\"elementor-element elementor-element-c6645e9 elementor-align-left elementor-widget__width-initial sc_fly_static elementor-widget elementor-widget-button\" data-id=\"c6645e9\" data-element_type=\"widget\" data-widget_type=\"button.default\">\n\t\t\t\t\t\t\t\t\t\t<a class=\"elementor-button elementor-button-link elementor-size-sm\" href=\"https:\/\/www.rdvcarthage.com\/wp-content\/uploads\/2025\/11\/Visa-document-EN.pdf\" target=\"_blank\">\n\t\t\t\t\t\t<span class=\"elementor-button-content-wrapper\">\n\t\t\t\t\t\t\t\t\t<span class=\"elementor-button-text\"> Download ...        <\/span>\n\t\t\t\t\t<\/span>\n\t\t\t\t\t<\/a>\n\t\t\t\t\t\t\t\t<\/div>\n\t\t\t\t<\/div>\n\t\t<div class=\"elementor-element elementor-element-f48b490 e-con-full e-flex sc_layouts_column_icons_position_left magic-button-disabled-no e-con e-child\" data-id=\"f48b490\" data-element_type=\"container\">\n\t\t<div class=\"elementor-element elementor-element-1900227 e-con-full e-flex sc_layouts_column_icons_position_left magic-button-disabled-no e-con e-child\" data-id=\"1900227\" data-element_type=\"container\">\n\t\t<div class=\"elementor-element elementor-element-6a689fb e-con-full e-flex sc_layouts_column_icons_position_left magic-button-disabled-no e-con e-child\" data-id=\"6a689fb\" data-element_type=\"container\">\n\t\t\t\t<div class=\"elementor-element elementor-element-2d5c141 sc_fly_static elementor-widget elementor-widget-text-editor\" data-id=\"2d5c141\" data-element_type=\"widget\" data-widget_type=\"text-editor.default\">\n\t\t\t\t\t\t\t\t\t<h5><strong>Nationalities Exempt from a Visa :<\/strong><\/h5><p>Canada, Allemagne, Etats-Unis, Bulgarie, Gr\u00e8ce, Alg\u00e9rie, Andorre, Angola, Antigua et Barbuda, Argentine, Australie, Bahre\u00efn, Barbade, Bosnie, Br\u00e9sil, Brunei, Burkina Faso, Cap Vert, Chine, Comores, Costa Rica, C\u00f4te d\u2019Ivoire, Guin\u00e9e \u00e9quatoriale, Fiji, Gabon, Gambie, Guin\u00e9e, Guin\u00e9e Bissau, Hong Kong, Honduras, Islande, Japon, Jordanie, Kiribati, Cor\u00e9e du Sud, Kowe\u00eft, Libye, Liechtenstein, Macedoine, Malaisie, Maldives, Mali, Mauritanie, Maurice, Mexique, Moldavie, Monaco, Mont\u00e9n\u00e9gro, Maroc, Namibie, Nouvelle-Z\u00e9lande, Niger, Norv\u00e8ge, Oman, Qatar, Russie, Saint Kitts et Nevis, Sainte-Lucie, San Marin, Arabie saoudite, S\u00e9n\u00e9gal, Serbie, Seychelles, Singapour, Afrique-du-Sud, Suisse, Turquie, Emirats arabes unis, Vatican, Autriche, Belgique, France Austria, Allemagne, Italie, Luxembourg, Pays-Bas, Portugal, Espagne, Su\u00e8de, Suisse, Azerba\u00efdjan, Bi\u00e9lorussie, G\u00e9orgie, Indie, Kazakhstan, Macao, Tadjikistan, Turkm\u00e9nistan, Ukraine, Ouzb\u00e9kistan.<\/p><p><span style=\"font-weight: 400;\"><strong>Holders of a diplomatic or service passport of the following nationalities are also exempt from a visa:<\/strong>\u00a0Egypte, Inde, Indon\u00e9sie, Philippines, Ukraine, Tha\u00eflande.<br \/><\/span><span style=\"font-weight: 400;\"><br \/><\/span><span style=\"font-weight: 400;\"><strong>Holders of a diplomatic passport of the following nationalities are also exempt from a visa:<\/strong>\u00a0Cuba, Iran, Pakistan, Syrie, Albanie, Vietnam.<\/span><\/p><ul><li style=\"font-weight: 400;\" aria-level=\"1\"><span style=\"text-decoration: underline;\"><strong>The visa fee amounts to 20 USD<\/strong><\/span><\/li><\/ul>\t\t\t\t\t\t\t\t<\/div>\n\t\t\t\t<\/div>\n\t\t\t\t<\/div>\n\t\t\t\t<\/div>\n\t\t\t\t<\/div>\n\t\t<div class=\"e-con-gap-no elementor-element elementor-element-f96b1a5 e-con-full e-flex sc_layouts_column_icons_position_left magic-button-disabled-no e-con e-parent\" data-id=\"f96b1a5\" data-element_type=\"container\">\n\t\t<div class=\"e-con-gap-no elementor-element elementor-element-89bfc49 e-con-full e-flex sc_layouts_column_icons_position_left magic-button-disabled-no e-con e-child\" data-id=\"89bfc49\" data-element_type=\"container\">\n\t\t\t\t<\/div>\n\t\t\t\t<\/div>\n\t\t\t\t<\/div>","protected":false},"excerpt":{"rendered":"<p>Visa En cas d\u2019absence d\u2019une ambassade ou d\u2019un bureau diplomatique tunisien dans votre pays, nous vous prions de bien vouloir remplir ce formulaire et de nous le renvoyer \u00e0\u00a0houaida.benmahmoud@ftusa.tn. T\u00e9l\u00e9charger&hellip;<\/p>","protected":false},"author":1,"featured_media":0,"parent":0,"menu_order":0,"comment_status":"closed","ping_status":"closed","template":"","meta":{"footnotes":""},"class_list":["post-24375","page","type-page","status-publish","hentry"],"_links":{"self":[{"href":"https:\/\/www.rdvcarthage.com\/en\/wp-json\/wp\/v2\/pages\/24375","targetHints":{"allow":["GET"]}}],"collection":[{"href":"https:\/\/www.rdvcarthage.com\/en\/wp-json\/wp\/v2\/pages"}],"about":[{"href":"https:\/\/www.rdvcarthage.com\/en\/wp-json\/wp\/v2\/types\/page"}],"author":[{"embeddable":true,"href":"https:\/\/www.rdvcarthage.com\/en\/wp-json\/wp\/v2\/users\/1"}],"replies":[{"embeddable":true,"href":"https:\/\/www.rdvcarthage.com\/en\/wp-json\/wp\/v2\/comments?post=24375"}],"version-history":[{"count":28,"href":"https:\/\/www.rdvcarthage.com\/en\/wp-json\/wp\/v2\/pages\/24375\/revisions"}],"predecessor-version":[{"id":24908,"href":"https:\/\/www.rdvcarthage.com\/en\/wp-json\/wp\/v2\/pages\/24375\/revisions\/24908"}],"wp:attachment":[{"href":"https:\/\/www.rdvcarthage.com\/en\/wp-json\/wp\/v2\/media?parent=24375"}],"curies":[{"name":"wp","href":"https:\/\/api.w.org\/{rel}","templated":true}]}}