{"id":24373,"date":"2025-11-19T12:56:27","date_gmt":"2025-11-19T11:56:27","guid":{"rendered":"https:\/\/www.rdvcarthage.com\/?page_id=24373"},"modified":"2025-11-23T00:58:39","modified_gmt":"2025-11-22T23:58:39","slug":"apropos-tunisie","status":"publish","type":"page","link":"https:\/\/www.rdvcarthage.com\/en\/apropos-tunisie\/","title":{"rendered":"About"},"content":{"rendered":"<div data-elementor-type=\"wp-page\" data-elementor-id=\"24373\" class=\"elementor elementor-24373\">\n\t\t\t\t<div class=\"e-con-gap-no elementor-element elementor-element-undefined-7743383 e-con-full e-flex sc_layouts_column_icons_position_left magic-button-disabled-no e-con e-parent\" data-id=\"undefined-7743383\" data-element_type=\"container\">\n\t\t<div class=\"elementor-element elementor-element-undefined-7ab3958 e-con-full e-flex sc_layouts_column_icons_position_left magic-button-disabled-no e-con e-child\" data-id=\"undefined-7ab3958\" data-element_type=\"container\">\n\t\t\t\t<div class=\"elementor-element elementor-element-undefined-5a930cd sc_fly_static elementor-widget elementor-widget-heading\" data-id=\"undefined-5a930cd\" data-element_type=\"widget\" data-widget_type=\"heading.default\">\n\t\t\t\t\t<h2 class=\"elementor-heading-title elementor-size-default\">Tunisia<\/h2>\t\t\t\t<\/div>\n\t\t\t\t<div class=\"elementor-element elementor-element-5b63740 e-n-tabs-mobile sc_fly_static elementor-widget elementor-widget-n-tabs\" data-id=\"5b63740\" data-element_type=\"widget\" data-settings=\"{&quot;tabs_justify_horizontal&quot;:&quot;stretch&quot;,&quot;horizontal_scroll&quot;:&quot;disable&quot;}\" data-widget_type=\"nested-tabs.default\">\n\t\t\t\t\t\t\t<div class=\"e-n-tabs\" data-widget-number=\"95827776\" aria-label=\"Onglets. Ouvrez des \u00e9l\u00e9ments avec Entrer ou Espace, fermez-les avec Echape et naviguez \u00e0 l&#039;aide des touches fl\u00e9ch\u00e9es.\">\n\t\t\t<div class=\"e-n-tabs-heading\" role=\"tablist\">\n\t\t\t\t\t<div id=\"e-n-tab-title-958277761\" class=\"e-n-tab-title\" aria-selected=\"true\" data-tab-index=\"1\" role=\"tab\" tabindex=\"0\" aria-controls=\"e-n-tab-content-958277761\" style=\"--n-tabs-title-order: 1;\">\n\t\t\t\t\t\t<span class=\"e-n-tab-title-text\">\n\t\t\t\tCountry\t\t\t<\/span>\n\t\t<\/div>\n\t\t\t\t<div id=\"e-n-tab-title-958277762\" class=\"e-n-tab-title\" aria-selected=\"false\" data-tab-index=\"2\" role=\"tab\" tabindex=\"-1\" aria-controls=\"e-n-tab-content-958277762\" style=\"--n-tabs-title-order: 2;\">\n\t\t\t\t\t\t<span class=\"e-n-tab-title-text\">\n\t\t\t\tCurrency\t\t\t<\/span>\n\t\t<\/div>\n\t\t\t\t<div id=\"e-n-tab-title-958277763\" class=\"e-n-tab-title\" aria-selected=\"false\" data-tab-index=\"3\" role=\"tab\" tabindex=\"-1\" aria-controls=\"e-n-tab-content-958277763\" style=\"--n-tabs-title-order: 3;\">\n\t\t\t\t\t\t<span class=\"e-n-tab-title-text\">\n\t\t\t\tOperators\t\t\t<\/span>\n\t\t<\/div>\n\t\t\t\t\t<\/div>\n\t\t\t<div class=\"e-n-tabs-content\">\n\t\t\t\t<div id=\"e-n-tab-content-958277761\" role=\"tabpanel\" aria-labelledby=\"e-n-tab-title-958277761\" data-tab-index=\"1\" style=\"--n-tabs-title-order: 1;\" class=\"e-active elementor-element elementor-element-b957d74 e-con-full e-flex sc_layouts_column_icons_position_left magic-button-disabled-no e-con e-child\" data-id=\"b957d74\" data-element_type=\"container\">\n\t\t\t\t<div class=\"elementor-element elementor-element-bb64cf1 sc_fly_static elementor-widget elementor-widget-text-editor\" data-id=\"bb64cf1\" data-element_type=\"widget\" data-widget_type=\"text-editor.default\">\n\t\t\t\t\t\t\t\t\t<p><span style=\"font-weight: 400;\"><strong>Official Name:<\/strong> Republic of Tunisia<\/span><span style=\"font-weight: 400;\"><br \/><\/span><span style=\"font-weight: 400;\"><strong>Capital:<\/strong> Tunis<\/span><span style=\"font-weight: 400;\"><br \/><\/span><span style=\"font-weight: 400;\"><strong>National Holiday:<\/strong> 20 march<\/span><span style=\"font-weight: 400;\"><br \/><\/span><span style=\"font-weight: 400;\"><strong>Time:<\/strong> GMT+1<\/span><span style=\"font-weight: 400;\"><br \/><\/span><span style=\"font-weight: 400;\"><strong>Currency:<\/strong> Tunisian Dinar<\/span><span style=\"font-weight: 400;\"><br \/><\/span><span style=\"font-weight: 400;\"><strong>Official Language:<\/strong> Arabic<\/span><span style=\"font-weight: 400;\"><br \/><\/span><span style=\"font-weight: 400;\"><strong>Other languages spoken:<\/strong> French, English<\/span><span style=\"font-weight: 400;\"><br \/><\/span><span style=\"font-weight: 400;\"><strong>Population :<\/strong> 12,5 millions<\/span><span style=\"font-weight: 400;\"><br \/><\/span><span style=\"font-weight: 400;\"><strong>Area:<\/strong> 162 155 km\u00b2<\/span><span style=\"font-weight: 400;\"><br \/><\/span><span style=\"font-weight: 400;\"><strong>Position from Europe:<\/strong> Meeting point of three continents: Europe, Africa and Asia<\/span><span style=\"font-weight: 400;\"><br \/><\/span><span style=\"font-weight: 400;\"><strong>Coasts:<\/strong> : 1 298 km<\/span><span style=\"font-weight: 400;\"><br \/><\/span><span style=\"font-weight: 400;\"><strong>Climate:<\/strong> Mediterranean<\/span><span style=\"font-weight: 400;\"><br \/><\/span><span style=\"font-weight: 400;\"><strong>Average temperature:<\/strong> 17C in winter, 29C in summer<\/span><span style=\"font-weight: 400;\"><br \/><\/span><span style=\"font-weight: 400;\"><strong>Internet domain:<\/strong> .tn<\/span><span style=\"font-weight: 400;\"><br \/><\/span><span style=\"font-weight: 400;\"><strong>International dialing code:<\/strong> (+216)<\/span><span style=\"font-weight: 400;\"><br \/><\/span><span style=\"font-weight: 400;\"><strong>Main airports :<\/strong> Tunis Carthage, Enfidha, Monastir, Tabarka, Sfax, Djerba, Tozeur.<\/span><\/p>\t\t\t\t\t\t\t\t<\/div>\n\t\t\t\t<\/div>\n\t\t<div id=\"e-n-tab-content-958277762\" role=\"tabpanel\" aria-labelledby=\"e-n-tab-title-958277762\" data-tab-index=\"2\" style=\"--n-tabs-title-order: 2;\" class=\"elementor-element elementor-element-b9bf9fa e-con-full e-flex sc_layouts_column_icons_position_left magic-button-disabled-no e-con e-child\" data-id=\"b9bf9fa\" data-element_type=\"container\">\n\t\t\t\t<div class=\"elementor-element elementor-element-0784620 sc_fly_static elementor-widget elementor-widget-text-editor\" data-id=\"0784620\" data-element_type=\"widget\" data-widget_type=\"text-editor.default\">\n\t\t\t\t\t\t\t\t\t<p><span style=\"font-weight: 400;\"><strong>Cards:<\/strong> They are accepted in most hotels, restaurants and tourist shops. You can also use it to withdraw Tunisian currency in most large cities, airports and in tourist areas. Remember that your bank will charge you a fee for each of your withdrawals, so favor cash payments for your small expenses.<br \/><\/span><span style=\"font-weight: 400;\"><br \/><\/span><span style=\"font-weight: 400;\"><strong>Banks:<\/strong> Most banks accept Visa and MasterCard at their counters. The banks at the airport remain open until the arrival of the day\u2019s last flight<br \/><\/span><span style=\"font-weight: 400;\"><br \/><\/span><strong>Exchange  rate : <\/strong><a href=\"http:\/\/www.bct.gov.tn\/bct\/siteprod\/cours.jsp\"><span style=\"font-weight: 400;\">http:\/\/www.bct.gov.tn\/bct\/siteprod\/cours.jsp<\/span><\/a><\/p>\t\t\t\t\t\t\t\t<\/div>\n\t\t\t\t<\/div>\n\t\t<div id=\"e-n-tab-content-958277763\" role=\"tabpanel\" aria-labelledby=\"e-n-tab-title-958277763\" data-tab-index=\"3\" style=\"--n-tabs-title-order: 3;\" class=\"elementor-element elementor-element-c89e1a8 e-con-full e-flex sc_layouts_column_icons_position_left magic-button-disabled-no e-con e-child\" data-id=\"c89e1a8\" data-element_type=\"container\">\n\t\t\t\t<div class=\"elementor-element elementor-element-a014317 sc_fly_static elementor-widget elementor-widget-text-editor\" data-id=\"a014317\" data-element_type=\"widget\" data-widget_type=\"text-editor.default\">\n\t\t\t\t\t\t\t\t\t<ul><li><span style=\"font-weight: 400;\"><strong>Ooredoo<\/strong><\/span><\/li><li><strong>Tunisie T\u00e9l\u00e9com<\/strong><\/li><li><strong><span style=\"letter-spacing: var(--theme-font-p_letter-spacing);\">Orange Tunisie<\/span><\/strong><\/li><\/ul>\t\t\t\t\t\t\t\t<\/div>\n\t\t\t\t<\/div>\n\t\t\t\t\t<\/div>\n\t\t<\/div>\n\t\t\t\t\t\t<\/div>\n\t\t\t\t<\/div>\n\t\t\t\t<\/div>\n\t\t\t\t<\/div>","protected":false},"excerpt":{"rendered":"<p>La Tunisie Le Pays Monnaie Op\u00e9rateurs Nom officiel : R\u00e9publique tunisienneCapitale : TunisF\u00eate nationale : 20 marsHeure : GMT+1Monnaie : Dinar tunisienLangue officielle : ArabeAutres langues parl\u00e9es : Fran\u00e7ais, AnglaisPopulation&hellip;<\/p>","protected":false},"author":1,"featured_media":0,"parent":0,"menu_order":0,"comment_status":"closed","ping_status":"closed","template":"","meta":{"footnotes":""},"class_list":["post-24373","page","type-page","status-publish","hentry"],"_links":{"self":[{"href":"https:\/\/www.rdvcarthage.com\/en\/wp-json\/wp\/v2\/pages\/24373","targetHints":{"allow":["GET"]}}],"collection":[{"href":"https:\/\/www.rdvcarthage.com\/en\/wp-json\/wp\/v2\/pages"}],"about":[{"href":"https:\/\/www.rdvcarthage.com\/en\/wp-json\/wp\/v2\/types\/page"}],"author":[{"embeddable":true,"href":"https:\/\/www.rdvcarthage.com\/en\/wp-json\/wp\/v2\/users\/1"}],"replies":[{"embeddable":true,"href":"https:\/\/www.rdvcarthage.com\/en\/wp-json\/wp\/v2\/comments?post=24373"}],"version-history":[{"count":37,"href":"https:\/\/www.rdvcarthage.com\/en\/wp-json\/wp\/v2\/pages\/24373\/revisions"}],"predecessor-version":[{"id":24709,"href":"https:\/\/www.rdvcarthage.com\/en\/wp-json\/wp\/v2\/pages\/24373\/revisions\/24709"}],"wp:attachment":[{"href":"https:\/\/www.rdvcarthage.com\/en\/wp-json\/wp\/v2\/media?parent=24373"}],"curies":[{"name":"wp","href":"https:\/\/api.w.org\/{rel}","templated":true}]}}