{"id":24275,"date":"2025-11-19T09:25:14","date_gmt":"2025-11-19T08:25:14","guid":{"rendered":"https:\/\/www.rdvcarthage.com\/?page_id=24275"},"modified":"2026-01-15T11:25:38","modified_gmt":"2026-01-15T10:25:38","slug":"elmouradi","status":"publish","type":"page","link":"https:\/\/www.rdvcarthage.com\/en\/elmouradi\/","title":{"rendered":"El Mouradi"},"content":{"rendered":"<div data-elementor-type=\"wp-page\" data-elementor-id=\"24275\" class=\"elementor elementor-24275\">\n\t\t\t\t<div class=\"e-con-gap-no elementor-element elementor-element-undefined-7743383 e-con-full e-flex sc_layouts_column_icons_position_left magic-button-disabled-no e-con e-parent\" data-id=\"undefined-7743383\" data-element_type=\"container\">\n\t\t<div class=\"elementor-element elementor-element-undefined-7ab3958 e-con-full e-flex sc_layouts_column_icons_position_left magic-button-disabled-no e-con e-child\" data-id=\"undefined-7ab3958\" data-element_type=\"container\">\n\t\t\t\t<div class=\"elementor-element elementor-element-undefined-5a930cd sc_fly_static elementor-widget elementor-widget-heading\" data-id=\"undefined-5a930cd\" data-element_type=\"widget\" data-widget_type=\"heading.default\">\n\t\t\t\t\t<h2 class=\"elementor-heading-title elementor-size-default\">El Mouradi Hotel *****<\/h2>\t\t\t\t<\/div>\n\t\t\t\t<div class=\"elementor-element elementor-element-fc4fbcd sc_fly_static elementor-widget elementor-widget-heading\" data-id=\"fc4fbcd\" data-element_type=\"widget\" data-widget_type=\"heading.default\">\n\t\t\t\t\t<h5 class=\"elementor-heading-title elementor-size-default\">500 m from conference site<\/h5>\t\t\t\t<\/div>\n\t\t\t\t<div class=\"elementor-element elementor-element-e32dae1 elementor-widget-divider--view-line sc_fly_static elementor-widget elementor-widget-divider\" data-id=\"e32dae1\" data-element_type=\"widget\" data-widget_type=\"divider.default\">\n\t\t\t\t\t\t\t<div class=\"elementor-divider\">\n\t\t\t<span class=\"elementor-divider-separator\">\n\t\t\t\t\t\t<\/span>\n\t\t<\/div>\n\t\t\t\t\t\t<\/div>\n\t\t\t\t<div class=\"elementor-element elementor-element-5883a3b sc_fly_static elementor-widget elementor-widget-text-editor\" data-id=\"5883a3b\" data-element_type=\"widget\" data-widget_type=\"text-editor.default\">\n\t\t\t\t\t\t\t\t\t<p><b>Accommodation :<\/b><\/p><p><span style=\"font-weight: 400;\">Single Sup room <\/span><b>(accommodation &amp; breakfast)<\/b><span style=\"font-weight: 400;\">\u00a0 \u00a0 \u00a0:\u00a0 \u00a0 \u00a0 <\/span><b>\u00a0315 TND <\/b><span style=\"font-weight: 400;\">per room and night<\/span><\/p><p><span style=\"font-weight: 400;\">Double sup room : <\/span><b>(accommodation &amp; breakfast)<\/b><span style=\"font-weight: 400;\">\u00a0 \u00a0 :\u00a0 \u00a0 \u00a0 <\/span><b>380 TND <\/b><span style=\"font-weight: 400;\">per room and night\u00a0<\/span><\/p><p><span style=\"font-weight: 400;\">Stay tax :\u00a0 \u00a0 \u00a0<\/span><b>3 TND or 12 TND<\/b><span style=\"font-weight: 400;\"> day\/ person (according to nationality)<\/span><\/p>\t\t\t\t\t\t\t\t<\/div>\n\t\t\t\t<div class=\"elementor-element elementor-element-58d25c8 elementor-widget-divider--view-line sc_fly_static elementor-widget elementor-widget-divider\" data-id=\"58d25c8\" data-element_type=\"widget\" data-widget_type=\"divider.default\">\n\t\t\t\t\t\t\t<div class=\"elementor-divider\">\n\t\t\t<span class=\"elementor-divider-separator\">\n\t\t\t\t\t\t<\/span>\n\t\t<\/div>\n\t\t\t\t\t\t<\/div>\n\t\t\t\t<div class=\"elementor-element elementor-element-68cf2b7 elementor-align-justify elementor-widget__width-initial scheme_default sc_fly_static elementor-widget elementor-widget-button\" data-id=\"68cf2b7\" data-element_type=\"widget\" data-widget_type=\"button.default\">\n\t\t\t\t\t\t\t\t\t\t<a class=\"elementor-button elementor-button-link elementor-size-sm\" href=\"https:\/\/www.rdvcarthage.com\/wp-content\/uploads\/2026\/01\/El-Mouradi1.pdf\" target=\"_blank\">\n\t\t\t\t\t\t<span class=\"elementor-button-content-wrapper\">\n\t\t\t\t\t\t\t\t\t<span class=\"elementor-button-text\">Booking<\/span>\n\t\t\t\t\t<\/span>\n\t\t\t\t\t<\/a>\n\t\t\t\t\t\t\t\t<\/div>\n\t\t\t\t<div class=\"elementor-element elementor-element-d0544c0 elementor-widget-divider--view-line sc_fly_static elementor-widget elementor-widget-divider\" data-id=\"d0544c0\" data-element_type=\"widget\" data-widget_type=\"divider.default\">\n\t\t\t\t\t\t\t<div class=\"elementor-divider\">\n\t\t\t<span class=\"elementor-divider-separator\">\n\t\t\t\t\t\t<\/span>\n\t\t<\/div>\n\t\t\t\t\t\t<\/div>\n\t\t<div class=\"elementor-element elementor-element-27d4901 e-grid e-con-full sc_layouts_column_icons_position_left magic-button-disabled-no e-con e-child\" data-id=\"27d4901\" data-element_type=\"container\">\n\t\t\t\t<div class=\"elementor-element elementor-element-5deca4d elementor-widget__width-initial sc_fly_static elementor-widget elementor-widget-image\" data-id=\"5deca4d\" data-element_type=\"widget\" data-widget_type=\"image.default\">\n\t\t\t\t\t\t\t\t\t\t\t\t\t\t\t<img decoding=\"async\" src=\"https:\/\/www.rdvcarthage.com\/wp-content\/uploads\/elementor\/thumbs\/119271980-rexks20lfhmfi0kng6cxkmy8f8p77mfpqp17kdwbeg.webp\" title=\"119271980\" alt=\"119271980\" loading=\"lazy\" \/>\t\t\t\t\t\t\t\t\t\t\t\t\t\t\t<\/div>\n\t\t\t\t<div class=\"elementor-element elementor-element-4554a04 elementor-widget__width-initial sc_fly_static elementor-widget elementor-widget-image\" data-id=\"4554a04\" data-element_type=\"widget\" data-widget_type=\"image.default\">\n\t\t\t\t\t\t\t\t\t\t\t\t\t\t\t<img decoding=\"async\" src=\"https:\/\/www.rdvcarthage.com\/wp-content\/uploads\/elementor\/thumbs\/501061832_681470334802910_6283216994873616699_n-_1_-rexkrsm9yuw4vpamt42dp6idplre7trdxg675atmbk.webp\" title=\"501061832_681470334802910_6283216994873616699_n-_1_\" alt=\"501061832_681470334802910_6283216994873616699_n-_1_\" loading=\"lazy\" \/>\t\t\t\t\t\t\t\t\t\t\t\t\t\t\t<\/div>\n\t\t\t\t<div class=\"elementor-element elementor-element-a36b9a5 elementor-widget__width-initial sc_fly_static elementor-widget elementor-widget-image\" data-id=\"a36b9a5\" data-element_type=\"widget\" data-widget_type=\"image.default\">\n\t\t\t\t\t\t\t\t\t\t\t\t\t\t\t<img fetchpriority=\"high\" decoding=\"async\" width=\"370\" height=\"370\" src=\"https:\/\/www.rdvcarthage.com\/wp-content\/uploads\/2025\/11\/Chambre-Superieure-1-370x370.png\" class=\"attachment-trx_addons-thumb-avatar size-trx_addons-thumb-avatar wp-image-24353\" alt=\"\" srcset=\"https:\/\/www.rdvcarthage.com\/wp-content\/uploads\/2025\/11\/Chambre-Superieure-1-370x370.png 370w, https:\/\/www.rdvcarthage.com\/wp-content\/uploads\/2025\/11\/Chambre-Superieure-1-150x150.png 150w, https:\/\/www.rdvcarthage.com\/wp-content\/uploads\/2025\/11\/Chambre-Superieure-1-120x120.png 120w, https:\/\/www.rdvcarthage.com\/wp-content\/uploads\/2025\/11\/Chambre-Superieure-1-300x300.png 300w\" sizes=\"(max-width: 600px) 100vw, 370px\" \/>\t\t\t\t\t\t\t\t\t\t\t\t\t\t\t<\/div>\n\t\t\t\t<\/div>\n\t\t\t\t<\/div>\n\t\t\t\t<\/div>\n\t\t\t\t<section class=\"elementor-section elementor-top-section elementor-element elementor-element-9d490c8 elementor-section-full_width elementor-section-content-middle scheme_light elementor-section-height-min-height elementor-section-height-default elementor-section-items-middle magic-button-disabled-no sc_fly_static\" data-id=\"9d490c8\" data-element_type=\"section\" data-settings=\"{&quot;background_background&quot;:&quot;classic&quot;}\">\n\t\t\t\t\t\t<div class=\"elementor-container elementor-column-gap-no\">\n\t\t\t\t\t<div class=\"elementor-column elementor-col-100 elementor-top-column elementor-element elementor-element-af297c8 sc_content_align_inherit sc_layouts_column_icons_position_left sc_fly_static\" data-id=\"af297c8\" data-element_type=\"column\">\n\t\t\t<div class=\"elementor-widget-wrap elementor-element-populated\">\n\t\t\t\t\t\t<div class=\"elementor-element elementor-element-cfff9e0 sc_fly_static elementor-widget elementor-widget-trx_sc_googlemap\" data-id=\"cfff9e0\" data-element_type=\"widget\" data-widget_type=\"trx_sc_googlemap.default\">\n\t\t\t\t<div class=\"elementor-widget-container\">\n\t\t\t\t\t<div id=\"sc_googlemap_321233002_wrap\" class=\"sc_googlemap_wrap\"><div id=\"sc_googlemap_321233002\"\t\t\tclass=\"sc_item_content sc_map sc_googlemap sc_googlemap_default trx_addons_inline_759862359\"\n\t\t\t \t\t\tdata-zoom=\"16\"\n\t\t\tdata-center=\"\"\n\t\t\tdata-style=\"extra\"\n\t\t\tdata-map-id=\"\"\n\t\t\tdata-cluster-icon=\"\"\n\t\t\t><iframe\n\t\t\t\t\t\tsrc=\"https:\/\/maps.google.com\/maps?t=m&output=embed&iwloc=near&z=16&q=36.9199886489444%2C+10.295555695250084\"\n\t\t\t\t\t\taria-label=\"\"><\/iframe><\/div><\/div>\t\t\t\t<\/div>\n\t\t\t\t<\/div>\n\t\t\t\t\t<\/div>\n\t\t<\/div>\n\t\t\t\t\t<\/div>\n\t\t<\/section>\n\t\t<div class=\"e-con-gap-no elementor-element elementor-element-c80cb86 e-flex e-con-boxed sc_layouts_column_icons_position_left magic-button-disabled-no e-con e-parent\" data-id=\"c80cb86\" data-element_type=\"container\">\n\t\t\t\t\t<div class=\"e-con-inner\">\n\t\t\t\t\t<\/div>\n\t\t\t\t<\/div>\n\t\t\t\t<\/div>","protected":false},"excerpt":{"rendered":"<p>El Mouradi Hotel ***** 500 m du lieu de la conf\u00e9rence H\u00e9bergement : Chambre single sup\u00e9rieure en LPD\u00a0 \u00a0 \u00a0:\u00a0 \u00a0 \u00a0 \u00a0315 DT par chambre et par nuit\u00e9e. Chambre&hellip;<\/p>","protected":false},"author":1,"featured_media":0,"parent":0,"menu_order":0,"comment_status":"closed","ping_status":"closed","template":"","meta":{"footnotes":""},"class_list":["post-24275","page","type-page","status-publish","hentry"],"_links":{"self":[{"href":"https:\/\/www.rdvcarthage.com\/en\/wp-json\/wp\/v2\/pages\/24275","targetHints":{"allow":["GET"]}}],"collection":[{"href":"https:\/\/www.rdvcarthage.com\/en\/wp-json\/wp\/v2\/pages"}],"about":[{"href":"https:\/\/www.rdvcarthage.com\/en\/wp-json\/wp\/v2\/types\/page"}],"author":[{"embeddable":true,"href":"https:\/\/www.rdvcarthage.com\/en\/wp-json\/wp\/v2\/users\/1"}],"replies":[{"embeddable":true,"href":"https:\/\/www.rdvcarthage.com\/en\/wp-json\/wp\/v2\/comments?post=24275"}],"version-history":[{"count":79,"href":"https:\/\/www.rdvcarthage.com\/en\/wp-json\/wp\/v2\/pages\/24275\/revisions"}],"predecessor-version":[{"id":25544,"href":"https:\/\/www.rdvcarthage.com\/en\/wp-json\/wp\/v2\/pages\/24275\/revisions\/25544"}],"wp:attachment":[{"href":"https:\/\/www.rdvcarthage.com\/en\/wp-json\/wp\/v2\/media?parent=24275"}],"curies":[{"name":"wp","href":"https:\/\/api.w.org\/{rel}","templated":true}]}}