{"id":24256,"date":"2025-11-18T15:16:36","date_gmt":"2025-11-18T14:16:36","guid":{"rendered":"https:\/\/www.rdvcarthage.com\/?page_id=24256"},"modified":"2026-01-14T13:49:47","modified_gmt":"2026-01-14T12:49:47","slug":"contact","status":"publish","type":"page","link":"https:\/\/www.rdvcarthage.com\/en\/contact\/","title":{"rendered":"Contact"},"content":{"rendered":"<div data-elementor-type=\"wp-page\" data-elementor-id=\"24256\" class=\"elementor elementor-24256\">\n\t\t\t\t<div class=\"e-con-gap-no elementor-element elementor-element-undefined-7743383 e-con-full e-flex sc_layouts_column_icons_position_left magic-button-disabled-no e-con e-parent\" data-id=\"undefined-7743383\" data-element_type=\"container\">\n\t\t<div class=\"elementor-element elementor-element-undefined-7ab3958 e-con-full e-flex sc_layouts_column_icons_position_left magic-button-disabled-no e-con e-child\" data-id=\"undefined-7ab3958\" data-element_type=\"container\">\n\t\t\t\t<div class=\"elementor-element elementor-element-undefined-5a930cd sc_fly_static elementor-widget elementor-widget-heading\" data-id=\"undefined-5a930cd\" data-element_type=\"widget\" data-widget_type=\"heading.default\">\n\t\t\t\t\t<h2 class=\"elementor-heading-title elementor-size-default\">Contact<\/h2>\t\t\t\t<\/div>\n\t\t\t\t<div class=\"elementor-element elementor-element-6b09edb elementor-widget-divider--view-line sc_fly_static elementor-widget elementor-widget-divider\" data-id=\"6b09edb\" data-element_type=\"widget\" data-widget_type=\"divider.default\">\n\t\t\t\t\t\t\t<div class=\"elementor-divider\">\n\t\t\t<span class=\"elementor-divider-separator\">\n\t\t\t\t\t\t<\/span>\n\t\t<\/div>\n\t\t\t\t\t\t<\/div>\n\t\t\t\t<div class=\"elementor-element elementor-element-c175f7a sc_fly_static elementor-widget elementor-widget-heading\" data-id=\"c175f7a\" data-element_type=\"widget\" data-widget_type=\"heading.default\">\n\t\t\t\t\t<h5 class=\"elementor-heading-title elementor-size-default\"><h2>Organizing Committee :<\/h2>\n<h6>Mondher KHABCHECHE<\/h6>Chairman of the Organizing Committee<br>General Director - UIB ASSURANCES<br><br>\n<h6>Lamia BEN MAHMOUD<\/h6>General Director - TUNIS RE<br><br>\n<h6>Lotfi BELHAJ KACEM<\/h6>General Director - ASSURANCES COMAR<br><br>\n<h6>Yazid SELLAOUTI<\/h6>General Director - ASSURANCES LLOYD VIE<br><br>\n<h6>Mahdi DOGHRI<\/h6>General Director - CARTE ASSURANCES<br><br>\n<h6>Hela NOUIRA Ep YOUSSEF<\/h6>Chief Functional Officer  - TUNIS RE<br><br>\n<h6>Hatem AMIRA<\/h6>General Director - FTUSA<br><br>\n<h6>Imed HAMDI<\/h6>Central Director - FTUSA<br><br>\n\n<\/h5>\t\t\t\t<\/div>\n\t\t\t\t<\/div>\n\t\t\t\t<\/div>\n\t\t\t\t<section class=\"elementor-section elementor-top-section elementor-element elementor-element-9d490c8 elementor-section-full_width elementor-section-content-middle scheme_light elementor-section-height-default elementor-section-height-default magic-button-disabled-no sc_fly_static\" data-id=\"9d490c8\" data-element_type=\"section\" data-settings=\"{&quot;background_background&quot;:&quot;classic&quot;}\">\n\t\t\t\t\t\t<div class=\"elementor-container elementor-column-gap-no\">\n\t\t\t\t\t<div class=\"elementor-column elementor-col-50 elementor-top-column elementor-element elementor-element-af297c8 sc_content_align_inherit sc_layouts_column_icons_position_left sc_fly_static\" data-id=\"af297c8\" data-element_type=\"column\">\n\t\t\t<div class=\"elementor-widget-wrap elementor-element-populated\">\n\t\t\t\t\t\t<div class=\"elementor-element elementor-element-cfff9e0 sc_fly_static elementor-widget elementor-widget-trx_sc_googlemap\" data-id=\"cfff9e0\" data-element_type=\"widget\" data-widget_type=\"trx_sc_googlemap.default\">\n\t\t\t\t<div class=\"elementor-widget-container\">\n\t\t\t\t\t<div id=\"sc_googlemap_279513391_wrap\" class=\"sc_googlemap_wrap\"><div id=\"sc_googlemap_279513391\"\t\t\tclass=\"sc_item_content sc_map sc_googlemap sc_googlemap_default trx_addons_inline_21073426\"\n\t\t\t \t\t\tdata-zoom=\"16\"\n\t\t\tdata-center=\"\"\n\t\t\tdata-style=\"extra\"\n\t\t\tdata-map-id=\"\"\n\t\t\tdata-cluster-icon=\"\"\n\t\t\t><iframe\n\t\t\t\t\t\tsrc=\"https:\/\/maps.google.com\/maps?t=m&output=embed&iwloc=near&z=16&q=36.9199886489444%2C+10.295555695250084\"\n\t\t\t\t\t\taria-label=\"\"><\/iframe><\/div><\/div>\t\t\t\t<\/div>\n\t\t\t\t<\/div>\n\t\t\t\t\t<\/div>\n\t\t<\/div>\n\t\t\t\t<div class=\"elementor-column elementor-col-50 elementor-top-column elementor-element elementor-element-5f74072 sc_content_align_inherit sc_layouts_column_icons_position_left sc_fly_static\" data-id=\"5f74072\" data-element_type=\"column\">\n\t\t\t<div class=\"elementor-widget-wrap elementor-element-populated\">\n\t\t\t\t\t\t<div class=\"elementor-element elementor-element-7cf27f7 sc_height_small sc_layouts_hide_on_notebook sc_layouts_hide_on_tablet sc_layouts_hide_on_mobile sc_fly_static elementor-widget elementor-widget-spacer\" data-id=\"7cf27f7\" data-element_type=\"widget\" data-widget_type=\"spacer.default\">\n\t\t\t\t\t\t\t<div class=\"elementor-spacer\">\n\t\t\t<div class=\"elementor-spacer-inner\"><\/div>\n\t\t<\/div>\n\t\t\t\t\t\t<\/div>\n\t\t\t\t<div class=\"elementor-element elementor-element-ab657d0 sc_height_huge sc_layouts_hide_on_wide sc_layouts_hide_on_desktop sc_fly_static elementor-widget elementor-widget-spacer\" data-id=\"ab657d0\" data-element_type=\"widget\" data-widget_type=\"spacer.default\">\n\t\t\t\t\t\t\t<div class=\"elementor-spacer\">\n\t\t\t<div class=\"elementor-spacer-inner\"><\/div>\n\t\t<\/div>\n\t\t\t\t\t\t<\/div>\n\t\t\t\t<div class=\"elementor-element elementor-element-77bdea9 sc_fly_static elementor-widget elementor-widget-trx_sc_title\" data-id=\"77bdea9\" data-element_type=\"widget\" data-widget_type=\"trx_sc_title.default\">\n\t\t\t\t<div class=\"elementor-widget-container\">\n\t\t\t\t\t<div\t\tclass=\"sc_title sc_title_default\" ><span class=\"sc_item_subtitle sc_title_subtitle sc_item_subtitle_above sc_item_title_style_default\">Contact Us<\/span><h2 class=\"sc_item_title sc_title_title sc_item_title_style_default sc_item_title_tag trx_addons_inline_1081194244\"\n\t\t\t><span class=\"sc_item_title_text\">Des questions? <br>Contactez nous<\/span><\/h2><\/div>\t\t\t\t<\/div>\n\t\t\t\t<\/div>\n\t\t\t\t<div class=\"elementor-element elementor-element-4e4e752 sc_fly_static elementor-widget elementor-widget-spacer\" data-id=\"4e4e752\" data-element_type=\"widget\" data-widget_type=\"spacer.default\">\n\t\t\t\t\t\t\t<div class=\"elementor-spacer\">\n\t\t\t<div class=\"elementor-spacer-inner\"><\/div>\n\t\t<\/div>\n\t\t\t\t\t\t<\/div>\n\t\t\t\t<div class=\"elementor-element elementor-element-8d2c82a sc_fly_static elementor-widget elementor-widget-trx_sc_contact_form_7\" data-id=\"8d2c82a\" data-element_type=\"widget\" data-widget_type=\"trx_sc_contact_form_7.default\">\n\t\t\t\t<div class=\"elementor-widget-container\">\n\t\t\t\t\t\n<div class=\"wpcf7 no-js\" id=\"wpcf7-f1266-o1\" lang=\"en-US\" dir=\"ltr\" data-wpcf7-id=\"1266\">\n<div class=\"screen-reader-response\"><p role=\"status\" aria-live=\"polite\" aria-atomic=\"true\"><\/p> <ul><\/ul><\/div>\n<form action=\"\/en\/wp-json\/wp\/v2\/pages\/24256#wpcf7-f1266-o1\" method=\"post\" class=\"wpcf7-form init\" aria-label=\"Contact form\" novalidate=\"novalidate\" data-status=\"init\" data-trp-original-action=\"\/en\/wp-json\/wp\/v2\/pages\/24256#wpcf7-f1266-o1\">\n<fieldset class=\"hidden-fields-container\"><input type=\"hidden\" name=\"_wpcf7\" value=\"1266\" \/><input type=\"hidden\" name=\"_wpcf7_version\" value=\"6.1.3\" \/><input type=\"hidden\" name=\"_wpcf7_locale\" value=\"en_US\" \/><input type=\"hidden\" name=\"_wpcf7_unit_tag\" value=\"wpcf7-f1266-o1\" \/><input type=\"hidden\" name=\"_wpcf7_container_post\" value=\"0\" \/><input type=\"hidden\" name=\"_wpcf7_posted_data_hash\" value=\"\" \/>\n<\/fieldset>\n<div class=\"form-style-2\">\n\t<div class=\"columns_wrap\">\n\t\t<div class=\"column-1_2\">\n\t\t\t<p><span class=\"style-line\"><span class=\"wpcf7-form-control-wrap\" data-name=\"your-name\"><input size=\"40\" maxlength=\"400\" class=\"wpcf7-form-control wpcf7-text wpcf7-validates-as-required\" aria-required=\"true\" aria-invalid=\"false\" placeholder=\"Name\" value=\"\" type=\"text\" name=\"your-name\" \/><\/span><\/span>\n\t\t\t<\/p>\n\t\t<\/div>\n\t\t<div class=\"column-1_2\">\n\t\t\t<p><span class=\"style-line\"><span class=\"wpcf7-form-control-wrap\" data-name=\"your-last-name\"><input size=\"40\" maxlength=\"400\" class=\"wpcf7-form-control wpcf7-text wpcf7-validates-as-required\" aria-required=\"true\" aria-invalid=\"false\" placeholder=\"Last Name\" value=\"\" type=\"text\" name=\"your-last-name\" \/><\/span><\/span>\n\t\t\t<\/p>\n\t\t<\/div>\n\t<\/div>\n\t<div class=\"columns_wrap\">\n\t\t<div class=\"column-1_2\">\n\t\t\t<p><span class=\"style-line\"><span class=\"wpcf7-form-control-wrap\" data-name=\"your-email\"><input size=\"40\" maxlength=\"400\" class=\"wpcf7-form-control wpcf7-email wpcf7-validates-as-required wpcf7-text wpcf7-validates-as-email\" aria-required=\"true\" aria-invalid=\"false\" placeholder=\"Email\" value=\"\" type=\"email\" name=\"your-email\" \/><\/span><\/span>\n\t\t\t<\/p>\n\t\t<\/div>\n\t\t<div class=\"column-1_2\">\n\t\t\t<p><span class=\"style-line\"><span class=\"wpcf7-form-control-wrap\" data-name=\"phone\"><input size=\"40\" maxlength=\"400\" class=\"wpcf7-form-control wpcf7-tel wpcf7-validates-as-required wpcf7-text wpcf7-validates-as-tel\" aria-required=\"true\" aria-invalid=\"false\" placeholder=\"Phone\" value=\"\" type=\"tel\" name=\"phone\" \/><\/span><\/span>\n\t\t\t<\/p>\n\t\t<\/div>\n\t<\/div>\n\t<div class=\"columns_wrap margin-bottom\">\n\t\t<div class=\"column-1_1\">\n\t\t\t<p><span class=\"style-line\"><span class=\"wpcf7-form-control-wrap\" data-name=\"your-message\"><textarea cols=\"40\" rows=\"10\" maxlength=\"2000\" class=\"wpcf7-form-control wpcf7-textarea wpcf7-validates-as-required\" aria-required=\"true\" aria-invalid=\"false\" placeholder=\"Message\" name=\"your-message\"><\/textarea><\/span><\/span>\n\t\t\t<\/p>\n\t\t<\/div>\n\t<\/div>\n\t<p><input class=\"wpcf7-form-control wpcf7-submit has-spinner\" type=\"submit\" value=\"Get In Touch\" \/>\n\t<\/p>\n<\/div><div class=\"wpcf7-response-output\" aria-hidden=\"true\"><\/div>\n<input type=\"hidden\" name=\"trp-form-language\" value=\"en\"\/><\/form>\n<\/div>\n\t\t\t\t<\/div>\n\t\t\t\t<\/div>\n\t\t\t\t<div class=\"elementor-element elementor-element-3d19f29 sc_height_small sc_layouts_hide_on_notebook sc_layouts_hide_on_tablet sc_layouts_hide_on_mobile sc_fly_static elementor-widget elementor-widget-spacer\" data-id=\"3d19f29\" data-element_type=\"widget\" data-widget_type=\"spacer.default\">\n\t\t\t\t\t\t\t<div class=\"elementor-spacer\">\n\t\t\t<div class=\"elementor-spacer-inner\"><\/div>\n\t\t<\/div>\n\t\t\t\t\t\t<\/div>\n\t\t\t\t<div class=\"elementor-element elementor-element-07af85d sc_height_huge sc_layouts_hide_on_wide sc_layouts_hide_on_desktop sc_fly_static elementor-widget elementor-widget-spacer\" data-id=\"07af85d\" data-element_type=\"widget\" data-widget_type=\"spacer.default\">\n\t\t\t\t\t\t\t<div class=\"elementor-spacer\">\n\t\t\t<div class=\"elementor-spacer-inner\"><\/div>\n\t\t<\/div>\n\t\t\t\t\t\t<\/div>\n\t\t\t\t\t<\/div>\n\t\t<\/div>\n\t\t\t\t\t<\/div>\n\t\t<\/section>\n\t\t\t\t<\/div>","protected":false},"excerpt":{"rendered":"<p>Contact Comit\u00e9 d\u2019organisation : Mondher KHABCHECHE Pr\u00e9sident du comit\u00e9 d\u2019organisationDirecteur G\u00e9n\u00e9ral- UIB ASSURANCES Lamia BEN MAHMOUD Directeur G\u00e9n\u00e9ral -TUNIS RE Lotfi BELHAJ KACEM Directeur G\u00e9n\u00e9ral -ASSURANCES COMAR Yazid SELLAOUTI Directeur&hellip;<\/p>","protected":false},"author":1,"featured_media":0,"parent":0,"menu_order":0,"comment_status":"closed","ping_status":"closed","template":"","meta":{"footnotes":""},"class_list":["post-24256","page","type-page","status-publish","hentry"],"_links":{"self":[{"href":"https:\/\/www.rdvcarthage.com\/en\/wp-json\/wp\/v2\/pages\/24256","targetHints":{"allow":["GET"]}}],"collection":[{"href":"https:\/\/www.rdvcarthage.com\/en\/wp-json\/wp\/v2\/pages"}],"about":[{"href":"https:\/\/www.rdvcarthage.com\/en\/wp-json\/wp\/v2\/types\/page"}],"author":[{"embeddable":true,"href":"https:\/\/www.rdvcarthage.com\/en\/wp-json\/wp\/v2\/users\/1"}],"replies":[{"embeddable":true,"href":"https:\/\/www.rdvcarthage.com\/en\/wp-json\/wp\/v2\/comments?post=24256"}],"version-history":[{"count":40,"href":"https:\/\/www.rdvcarthage.com\/en\/wp-json\/wp\/v2\/pages\/24256\/revisions"}],"predecessor-version":[{"id":25477,"href":"https:\/\/www.rdvcarthage.com\/en\/wp-json\/wp\/v2\/pages\/24256\/revisions\/25477"}],"wp:attachment":[{"href":"https:\/\/www.rdvcarthage.com\/en\/wp-json\/wp\/v2\/media?parent=24256"}],"curies":[{"name":"wp","href":"https:\/\/api.w.org\/{rel}","templated":true}]}}