{"id":22094,"date":"2023-02-16T08:26:19","date_gmt":"2023-02-16T08:26:19","guid":{"rendered":"https:\/\/www.rdvcarthage.com\/main-copy-2-copy\/"},"modified":"2026-01-31T00:15:03","modified_gmt":"2026-01-30T23:15:03","slug":"financial-advisor","status":"publish","type":"page","link":"https:\/\/www.rdvcarthage.com\/en\/","title":{"rendered":"Home"},"content":{"rendered":"<div data-elementor-type=\"wp-page\" data-elementor-id=\"22094\" class=\"elementor elementor-22094\">\n\t\t\t\t\t\t<section class=\"elementor-section elementor-top-section elementor-element elementor-element-49821e4 elementor-section-full_width elementor-section-height-default elementor-section-height-default magic-button-disabled-no sc_fly_static\" data-id=\"49821e4\" data-element_type=\"section\" data-settings=\"{&quot;background_background&quot;:&quot;classic&quot;}\">\n\t\t\t\t\t\t<div class=\"elementor-container elementor-column-gap-extended\">\n\t\t\t\t\t<div class=\"elementor-column elementor-col-100 elementor-top-column elementor-element elementor-element-a33dc19 sc_content_align_inherit sc_layouts_column_icons_position_left sc_fly_static\" data-id=\"a33dc19\" data-element_type=\"column\">\n\t\t\t<div class=\"elementor-widget-wrap elementor-element-populated\">\n\t\t\t\t\t\t<div class=\"elementor-element elementor-element-cb08e4a elementor-widget__width-initial sc_fly_static elementor-widget elementor-widget-image\" data-id=\"cb08e4a\" data-element_type=\"widget\" data-widget_type=\"image.default\">\n\t\t\t\t\t\t\t\t\t\t\t\t\t\t\t<img fetchpriority=\"high\" decoding=\"async\" width=\"1600\" height=\"1000\" src=\"https:\/\/www.rdvcarthage.com\/wp-content\/uploads\/2026\/01\/Ftusa-Carthage-2-3-2.webp\" class=\"attachment-full size-full wp-image-25495\" alt=\"\" srcset=\"https:\/\/www.rdvcarthage.com\/wp-content\/uploads\/2026\/01\/Ftusa-Carthage-2-3-2.webp 1600w, https:\/\/www.rdvcarthage.com\/wp-content\/uploads\/2026\/01\/Ftusa-Carthage-2-3-2-300x188.webp 300w, https:\/\/www.rdvcarthage.com\/wp-content\/uploads\/2026\/01\/Ftusa-Carthage-2-3-2-1024x640.webp 1024w, https:\/\/www.rdvcarthage.com\/wp-content\/uploads\/2026\/01\/Ftusa-Carthage-2-3-2-768x480.webp 768w, https:\/\/www.rdvcarthage.com\/wp-content\/uploads\/2026\/01\/Ftusa-Carthage-2-3-2-1536x960.webp 1536w, https:\/\/www.rdvcarthage.com\/wp-content\/uploads\/2026\/01\/Ftusa-Carthage-2-3-2-18x12.webp 18w, https:\/\/www.rdvcarthage.com\/wp-content\/uploads\/2026\/01\/Ftusa-Carthage-2-3-2-370x231.webp 370w, https:\/\/www.rdvcarthage.com\/wp-content\/uploads\/2026\/01\/Ftusa-Carthage-2-3-2-840x525.webp 840w, https:\/\/www.rdvcarthage.com\/wp-content\/uploads\/2026\/01\/Ftusa-Carthage-2-3-2-410x256.webp 410w\" sizes=\"(max-width: 1600px) 100vw, 1600px\" \/>\t\t\t\t\t\t\t\t\t\t\t\t\t\t\t<\/div>\n\t\t\t\t<div class=\"elementor-element elementor-element-fafa87d elementor-widget-divider--view-line sc_fly_static elementor-widget elementor-widget-divider\" data-id=\"fafa87d\" data-element_type=\"widget\" data-widget_type=\"divider.default\">\n\t\t\t\t\t\t\t<div class=\"elementor-divider\">\n\t\t\t<span class=\"elementor-divider-separator\">\n\t\t\t\t\t\t<\/span>\n\t\t<\/div>\n\t\t\t\t\t\t<\/div>\n\t\t\t\t<div class=\"elementor-element elementor-element-fabf92e elementor-widget-divider--view-line sc_fly_static elementor-widget elementor-widget-divider\" data-id=\"fabf92e\" data-element_type=\"widget\" data-widget_type=\"divider.default\">\n\t\t\t\t\t\t\t<div class=\"elementor-divider\">\n\t\t\t<span class=\"elementor-divider-separator\">\n\t\t\t\t\t\t<\/span>\n\t\t<\/div>\n\t\t\t\t\t\t<\/div>\n\t\t<div class=\"elementor-element elementor-element-a59fd66 e-grid e-con-boxed sc_layouts_column_icons_position_left magic-button-disabled-no e-con e-parent\" data-id=\"a59fd66\" data-element_type=\"container\">\n\t\t\t\t\t<div class=\"e-con-inner\">\n\t\t\t\t<div class=\"elementor-element elementor-element-67e90c0 sc_fly_static elementor-widget elementor-widget-heading\" data-id=\"67e90c0\" data-element_type=\"widget\" data-widget_type=\"heading.default\">\n\t\t\t\t\t<h4 class=\"elementor-heading-title elementor-size-default\">Sponsors :<\/h4>\t\t\t\t<\/div>\n\t\t\t\t\t<\/div>\n\t\t\t\t<\/div>\n\t\t\t\t<div class=\"elementor-element elementor-element-3fd72ce sc_fly_static elementor-widget elementor-widget-spacer\" data-id=\"3fd72ce\" data-element_type=\"widget\" data-widget_type=\"spacer.default\">\n\t\t\t\t\t\t\t<div class=\"elementor-spacer\">\n\t\t\t<div class=\"elementor-spacer-inner\"><\/div>\n\t\t<\/div>\n\t\t\t\t\t\t<\/div>\n\t\t\t\t<div class=\"elementor-element elementor-element-a5ef45d sc_fly_static elementor-widget elementor-widget-spacer\" data-id=\"a5ef45d\" data-element_type=\"widget\" data-widget_type=\"spacer.default\">\n\t\t\t\t\t\t\t<div class=\"elementor-spacer\">\n\t\t\t<div class=\"elementor-spacer-inner\"><\/div>\n\t\t<\/div>\n\t\t\t\t\t\t<\/div>\n\t\t\t\t<div class=\"elementor-element elementor-element-98eabeb elementor-arrows-position-outside elementor-pagination-position-outside sc_fly_static elementor-widget elementor-widget-image-carousel\" data-id=\"98eabeb\" data-element_type=\"widget\" data-settings=\"{&quot;slides_to_show&quot;:&quot;4&quot;,&quot;autoplay_speed&quot;:3000,&quot;slides_to_show_mobile&quot;:&quot;3&quot;,&quot;slides_to_scroll_mobile&quot;:&quot;3&quot;,&quot;navigation&quot;:&quot;both&quot;,&quot;autoplay&quot;:&quot;yes&quot;,&quot;pause_on_hover&quot;:&quot;yes&quot;,&quot;pause_on_interaction&quot;:&quot;yes&quot;,&quot;infinite&quot;:&quot;yes&quot;,&quot;speed&quot;:500}\" data-widget_type=\"image-carousel.default\">\n\t\t\t\t\t\t\t<div class=\"elementor-image-carousel-wrapper swiper\" role=\"region\" aria-roledescription=\"carousel\" aria-label=\"Carrousel d\u2019images\" dir=\"ltr\">\n\t\t\t<div class=\"elementor-image-carousel swiper-wrapper\" aria-live=\"off\">\n\t\t\t\t\t\t\t\t<div class=\"swiper-slide\" role=\"group\" aria-roledescription=\"slide\" aria-label=\"1 sur 25\"><figure class=\"swiper-slide-inner\"><img decoding=\"async\" class=\"swiper-slide-image\" src=\"https:\/\/www.rdvcarthage.com\/wp-content\/uploads\/2025\/12\/ftusa-1.jpg\" alt=\"ftusa\" \/><\/figure><\/div><div class=\"swiper-slide\" role=\"group\" aria-roledescription=\"slide\" aria-label=\"2 sur 25\"><figure class=\"swiper-slide-inner\"><img decoding=\"async\" class=\"swiper-slide-image\" src=\"https:\/\/www.rdvcarthage.com\/wp-content\/uploads\/2025\/11\/gaif-logo-Copie-1.png\" alt=\"gaif-logo - Copie\" \/><\/figure><\/div><div class=\"swiper-slide\" role=\"group\" aria-roledescription=\"slide\" aria-label=\"3 sur 25\"><figure class=\"swiper-slide-inner\"><img decoding=\"async\" class=\"swiper-slide-image\" src=\"https:\/\/www.rdvcarthage.com\/wp-content\/uploads\/2025\/12\/LIBYA-RE-300x112.jpg\" alt=\"LIBYA RE\" \/><\/figure><\/div><div class=\"swiper-slide\" role=\"group\" aria-roledescription=\"slide\" aria-label=\"4 sur 25\"><figure class=\"swiper-slide-inner\"><img decoding=\"async\" class=\"swiper-slide-image\" src=\"https:\/\/www.rdvcarthage.com\/wp-content\/uploads\/2026\/01\/pwc-1.jpg\" alt=\"pwc\" \/><\/figure><\/div><div class=\"swiper-slide\" role=\"group\" aria-roledescription=\"slide\" aria-label=\"5 sur 25\"><figure class=\"swiper-slide-inner\"><img decoding=\"async\" class=\"swiper-slide-image\" src=\"https:\/\/www.rdvcarthage.com\/wp-content\/uploads\/2026\/01\/Continental-RE-logo-3-300x91.png\" alt=\"Continental RE-logo 3\" \/><\/figure><\/div><div class=\"swiper-slide\" role=\"group\" aria-roledescription=\"slide\" aria-label=\"6 sur 25\"><figure class=\"swiper-slide-inner\"><img decoding=\"async\" class=\"swiper-slide-image\" src=\"https:\/\/www.rdvcarthage.com\/wp-content\/uploads\/2026\/01\/addinn-logo-300x153.png\" alt=\"addinn logo\" \/><\/figure><\/div><div class=\"swiper-slide\" role=\"group\" aria-roledescription=\"slide\" aria-label=\"7 sur 25\"><figure class=\"swiper-slide-inner\"><img decoding=\"async\" class=\"swiper-slide-image\" src=\"https:\/\/www.rdvcarthage.com\/wp-content\/uploads\/2026\/01\/bh-assurances-1-300x88.jpg\" alt=\"bh assurances\" \/><\/figure><\/div><div class=\"swiper-slide\" role=\"group\" aria-roledescription=\"slide\" aria-label=\"8 sur 25\"><figure class=\"swiper-slide-inner\"><img decoding=\"async\" class=\"swiper-slide-image\" src=\"https:\/\/www.rdvcarthage.com\/wp-content\/uploads\/2025\/12\/WAICA-Re-LOGO-2-300x115.jpg\" alt=\"WAICA Re_LOGO+NEW TAGLINE_RED\" \/><\/figure><\/div><div class=\"swiper-slide\" role=\"group\" aria-roledescription=\"slide\" aria-label=\"9 sur 25\"><figure class=\"swiper-slide-inner\"><img decoding=\"async\" class=\"swiper-slide-image\" src=\"https:\/\/www.rdvcarthage.com\/wp-content\/uploads\/2026\/01\/AVENI-RE-1.png\" alt=\"AVENI RE\" \/><\/figure><\/div><div class=\"swiper-slide\" role=\"group\" aria-roledescription=\"slide\" aria-label=\"10 sur 25\"><figure class=\"swiper-slide-inner\"><img decoding=\"async\" class=\"swiper-slide-image\" src=\"https:\/\/www.rdvcarthage.com\/wp-content\/uploads\/2026\/01\/cope11.jpg\" alt=\"cope11\" \/><\/figure><\/div><div class=\"swiper-slide\" role=\"group\" aria-roledescription=\"slide\" aria-label=\"11 sur 25\"><figure class=\"swiper-slide-inner\"><img decoding=\"async\" class=\"swiper-slide-image\" src=\"https:\/\/www.rdvcarthage.com\/wp-content\/uploads\/2026\/01\/01-Marsh_logo_base-300x144.png\" alt=\"01-Marsh_logo_base\" \/><\/figure><\/div><div class=\"swiper-slide\" role=\"group\" aria-roledescription=\"slide\" aria-label=\"12 sur 25\"><figure class=\"swiper-slide-inner\"><img decoding=\"async\" class=\"swiper-slide-image\" src=\"https:\/\/www.rdvcarthage.com\/wp-content\/uploads\/2025\/12\/LOGO-almalw-massarif-300x105.jpg\" alt=\"LOGO - almalw massarif\" \/><\/figure><\/div><div class=\"swiper-slide\" role=\"group\" aria-roledescription=\"slide\" aria-label=\"13 sur 25\"><figure class=\"swiper-slide-inner\"><img decoding=\"async\" class=\"swiper-slide-image\" src=\"https:\/\/www.rdvcarthage.com\/wp-content\/uploads\/2025\/12\/Ta2mini-Logo-300x136.jpg\" alt=\"Ta2mini Logo\" \/><\/figure><\/div><div class=\"swiper-slide\" role=\"group\" aria-roledescription=\"slide\" aria-label=\"14 sur 25\"><figure class=\"swiper-slide-inner\"><img decoding=\"async\" class=\"swiper-slide-image\" src=\"https:\/\/www.rdvcarthage.com\/wp-content\/uploads\/2026\/01\/MEIR-300x109.jpg\" alt=\"MEIR\" \/><\/figure><\/div><div class=\"swiper-slide\" role=\"group\" aria-roledescription=\"slide\" aria-label=\"15 sur 25\"><figure class=\"swiper-slide-inner\"><img decoding=\"async\" class=\"swiper-slide-image\" src=\"https:\/\/www.rdvcarthage.com\/wp-content\/uploads\/2025\/12\/logo-MAWDY-PDF_page-0001-2-300x82.jpg\" alt=\"logo MAWDY PDF_page-0001\" \/><\/figure><\/div><div class=\"swiper-slide\" role=\"group\" aria-roledescription=\"slide\" aria-label=\"16 sur 25\"><figure class=\"swiper-slide-inner\"><img decoding=\"async\" class=\"swiper-slide-image\" src=\"https:\/\/www.rdvcarthage.com\/wp-content\/uploads\/2026\/01\/carte-ass-final.png\" alt=\"carte ass final\" \/><\/figure><\/div><div class=\"swiper-slide\" role=\"group\" aria-roledescription=\"slide\" aria-label=\"17 sur 25\"><figure class=\"swiper-slide-inner\"><img decoding=\"async\" class=\"swiper-slide-image\" src=\"https:\/\/www.rdvcarthage.com\/wp-content\/uploads\/2026\/01\/ccarte-vie.jpg\" alt=\"ccarte vie\" \/><\/figure><\/div><div class=\"swiper-slide\" role=\"group\" aria-roledescription=\"slide\" aria-label=\"18 sur 25\"><figure class=\"swiper-slide-inner\"><img decoding=\"async\" class=\"swiper-slide-image\" src=\"https:\/\/www.rdvcarthage.com\/wp-content\/uploads\/2026\/01\/COMAR22-300x102.jpg\" alt=\"COMAR22\" \/><\/figure><\/div><div class=\"swiper-slide\" role=\"group\" aria-roledescription=\"slide\" aria-label=\"19 sur 25\"><figure class=\"swiper-slide-inner\"><img decoding=\"async\" class=\"swiper-slide-image\" src=\"https:\/\/www.rdvcarthage.com\/wp-content\/uploads\/2026\/01\/CTAMA222.jpg\" alt=\"CTAMA222\" \/><\/figure><\/div><div class=\"swiper-slide\" role=\"group\" aria-roledescription=\"slide\" aria-label=\"20 sur 25\"><figure class=\"swiper-slide-inner\"><img decoding=\"async\" class=\"swiper-slide-image\" src=\"https:\/\/www.rdvcarthage.com\/wp-content\/uploads\/2026\/01\/ga-logo.jpg\" alt=\"ga logo\" \/><\/figure><\/div><div class=\"swiper-slide\" role=\"group\" aria-roledescription=\"slide\" aria-label=\"21 sur 25\"><figure class=\"swiper-slide-inner\"><img decoding=\"async\" class=\"swiper-slide-image\" src=\"https:\/\/www.rdvcarthage.com\/wp-content\/uploads\/2026\/01\/jb-boda11.jpg\" alt=\"jb boda11\" \/><\/figure><\/div><div class=\"swiper-slide\" role=\"group\" aria-roledescription=\"slide\" aria-label=\"22 sur 25\"><figure class=\"swiper-slide-inner\"><img decoding=\"async\" class=\"swiper-slide-image\" src=\"https:\/\/www.rdvcarthage.com\/wp-content\/uploads\/2026\/01\/albarka-2-300x137.jpg\" alt=\"albarka\" \/><\/figure><\/div><div class=\"swiper-slide\" role=\"group\" aria-roledescription=\"slide\" aria-label=\"23 sur 25\"><figure class=\"swiper-slide-inner\"><img decoding=\"async\" class=\"swiper-slide-image\" src=\"https:\/\/www.rdvcarthage.com\/wp-content\/uploads\/2026\/01\/lexpert-300x90.png\" alt=\"lexpert\" \/><\/figure><\/div><div class=\"swiper-slide\" role=\"group\" aria-roledescription=\"slide\" aria-label=\"24 sur 25\"><figure class=\"swiper-slide-inner\"><img decoding=\"async\" class=\"swiper-slide-image\" src=\"https:\/\/www.rdvcarthage.com\/wp-content\/uploads\/2026\/01\/logoar.webp\" alt=\"logoar\" \/><\/figure><\/div><div class=\"swiper-slide\" role=\"group\" aria-roledescription=\"slide\" aria-label=\"25 sur 25\"><figure class=\"swiper-slide-inner\"><img decoding=\"async\" class=\"swiper-slide-image\" src=\"https:\/\/www.rdvcarthage.com\/wp-content\/uploads\/2026\/01\/hyundai.jpg\" alt=\"hyundai\" \/><\/figure><\/div>\t\t\t<\/div>\n\t\t\t\t\t\t\t\t\t\t\t\t<div class=\"elementor-swiper-button elementor-swiper-button-prev\" role=\"button\" tabindex=\"0\">\n\t\t\t\t\t\t<svg aria-hidden=\"true\" class=\"e-font-icon-svg e-eicon-chevron-left\" viewbox=\"0 0 1000 1000\" xmlns=\"http:\/\/www.w3.org\/2000\/svg\"><path d=\"M646 125C629 125 613 133 604 142L308 442C296 454 292 471 292 487 292 504 296 521 308 533L604 854C617 867 629 875 646 875 663 875 679 871 692 858 704 846 713 829 713 812 713 796 708 779 692 767L438 487 692 225C700 217 708 204 708 187 708 171 704 154 692 142 675 129 663 125 646 125Z\"><\/path><\/svg>\t\t\t\t\t<\/div>\n\t\t\t\t\t<div class=\"elementor-swiper-button elementor-swiper-button-next\" role=\"button\" tabindex=\"0\">\n\t\t\t\t\t\t<svg aria-hidden=\"true\" class=\"e-font-icon-svg e-eicon-chevron-right\" viewbox=\"0 0 1000 1000\" xmlns=\"http:\/\/www.w3.org\/2000\/svg\"><path d=\"M696 533C708 521 713 504 713 487 713 471 708 454 696 446L400 146C388 133 375 125 354 125 338 125 325 129 313 142 300 154 292 171 292 187 292 204 296 221 308 233L563 492 304 771C292 783 288 800 288 817 288 833 296 850 308 863 321 871 338 875 354 875 371 875 388 867 400 854L696 533Z\"><\/path><\/svg>\t\t\t\t\t<\/div>\n\t\t\t\t\n\t\t\t\t\t\t\t\t\t<div class=\"swiper-pagination\"><\/div>\n\t\t\t\t\t\t\t\t\t<\/div>\n\t\t\t\t\t\t<\/div>\n\t\t\t\t<div data-animation-type=\"block\" class=\"elementor-element elementor-element-51377a7 animated-slow animation_type_block sc_fly_static elementor-invisible elementor-widget elementor-widget-trx_sc_title\" data-id=\"51377a7\" data-element_type=\"widget\" data-settings=\"{&quot;_animation&quot;:&quot;fadeInUp&quot;}\" data-widget_type=\"trx_sc_title.default\">\n\t\t\t\t<div class=\"elementor-widget-container\">\n\t\t\t\t\t<div\t\tclass=\"sc_title sc_title_default\" ><h1 class=\"sc_item_title sc_title_title sc_align_center sc_item_title_style_default sc_item_title_tag trx_addons_inline_1195129999 sc_typed\"\n\t\t\t><span class=\"sc_item_title_text\">WELCOME ADDRESS OF THE CHAIRMAN\nOF THE ORGANIZING COMMITTEE<\/span><\/h1><\/div>\t\t\t\t<\/div>\n\t\t\t\t<\/div>\n\t\t\t\t<div data-animation-type=\"sequental\" data-animation-stagger=\"\" class=\"elementor-element elementor-element-d210ad4 animated-slow animation_type_sequental sc_fly_static elementor-invisible elementor-widget elementor-widget-text-editor\" data-id=\"d210ad4\" data-element_type=\"widget\" data-settings=\"{&quot;_animation&quot;:&quot;fadeInUp&quot;}\" data-widget_type=\"text-editor.default\">\n\t\t\t\t\t\t\t\t\t<p><span style=\"font-weight: 400;\">On the land of Tunisia,<\/span><span style=\"font-weight: 400;\"><br \/><\/span><span style=\"font-weight: 400;\">The land of meetings and civilizations,<\/span><\/p><p><span style=\"font-weight: 400;\">The Tunisian Federation of Insurance companies \u201cFTUSA\u201d, the General Arab Insurance Federation \u201cGAIF\u201d and the Tunisian Reinsurance Company \u201cTunis RE\u201d, have the honor to invite you to attend <\/span><b>18th Carthage Insurance RDV<\/b><span style=\"font-weight: 400;\">-from <\/span><b>1st to 3rd february 2026<\/b><span style=\"font-weight: 400;\"> in<\/span><b>-Four Seasons Hotel, Gammarth.<\/b><span style=\"font-weight: 400;\">.<\/span><\/p><p><span style=\"font-weight: 400;\">The conference is organized under the theme:<\/span><\/p><p style=\"text-align: center;\"><b>\u201cSecuring the future in a changing world: innovating, preventing, and building resilience.\u201d<\/b><\/p><p><span style=\"font-weight: 400;\">We live in a time of rapid transformation\u2014technological advances, environmental shifts, economic uncertainties, and global challenges that test our adaptability as individuals, organizations, and societies. Change is constant, and with it comes both opportunity and responsibility.<\/span><span style=\"font-weight: 400;\"><br \/><\/span><span style=\"font-weight: 400;\">Today\u2019s theme calls on us to look ahead\u2014not with fear, but with foresight.<\/span><\/p><p><span style=\"font-weight: 400;\">To secure the future, we must be innovative in our thinking, proactive in our actions, and resilient in our systems.<\/span><span style=\"font-weight: 400;\"><br \/><\/span><span style=\"font-weight: 400;\">Innovation gives us the tools to adapt and thrive; prevention helps us anticipate and mitigate risks before they grow; and resilience ensures that no matter what challenges arise, we can recover stronger and wiser.<\/span><span style=\"font-weight: 400;\"><br \/><\/span><span style=\"font-weight: 400;\">-<\/span><\/p><p><span style=\"font-weight: 400;\">This gathering brings together brilliant minds, experienced professionals, and passionate individuals who share one common goal\u2014to shape a secure, sustainable, and prosperous future.<\/span><span style=\"font-weight: 400;\"><br \/><\/span><span style=\"font-weight: 400;\">I am confident that the discussions, insights, and collaborations that will emerge here today will chart a meaningful path forward.<\/span><\/p><p><span style=\"font-weight: 400;\">On behalf of the organizing committee, I warmly welcome you once again.<\/span><span style=\"font-weight: 400;\"><br \/><\/span><span style=\"font-weight: 400;\">Let us engage, learn, and work together to transform today\u2019s challenges into tomorrow\u2019s opportunities.<\/span><\/p>\t\t\t\t\t\t\t\t<\/div>\n\t\t\t\t<div class=\"elementor-element elementor-element-44d6079 sc_fly_static elementor-widget elementor-widget-spacer\" data-id=\"44d6079\" data-element_type=\"widget\" data-widget_type=\"spacer.default\">\n\t\t\t\t\t\t\t<div class=\"elementor-spacer\">\n\t\t\t<div class=\"elementor-spacer-inner\"><\/div>\n\t\t<\/div>\n\t\t\t\t\t\t<\/div>\n\t\t\t\t<div data-animation-type=\"block\" class=\"elementor-element elementor-element-08f6225 animated-slow animation_type_block sc_fly_static elementor-invisible elementor-widget elementor-widget-text-editor\" data-id=\"08f6225\" data-element_type=\"widget\" data-settings=\"{&quot;_animation&quot;:&quot;fadeInUp&quot;}\" data-widget_type=\"text-editor.default\">\n\t\t\t\t\t\t\t\t\t<p style=\"text-align: left;\"><b>President of the Tunisian Federation of Insurance Companies<\/b><b><br \/><\/b><b>Chairman of the Organizing Committee <\/b><\/p><p style=\"text-align: left;\">Mondher KHABCHECHE<\/p>\t\t\t\t\t\t\t\t<\/div>\n\t\t\t\t<div class=\"elementor-element elementor-element-260f9ac elementor-widget-divider--view-line sc_fly_static elementor-widget elementor-widget-divider\" data-id=\"260f9ac\" data-element_type=\"widget\" data-widget_type=\"divider.default\">\n\t\t\t\t\t\t\t<div class=\"elementor-divider\">\n\t\t\t<span class=\"elementor-divider-separator\">\n\t\t\t\t\t\t<\/span>\n\t\t<\/div>\n\t\t\t\t\t\t<\/div>\n\t\t\t\t\t<\/div>\n\t\t<\/div>\n\t\t\t\t\t<\/div>\n\t\t<\/section>\n\t\t\t\t<\/div>","protected":false},"excerpt":{"rendered":"<p>Sponsors : MOT DE BIENVENUE Sur la terre de Tunisie,terre de rencontres et de civilisations, La F\u00e9d\u00e9ration Tunisienne des Soci\u00e9t\u00e9s d\u2019Assurances (FTUSA), la F\u00e9d\u00e9ration G\u00e9n\u00e9rale Arabe des Assurances (GAIF)et la&hellip;<\/p>","protected":false},"author":1,"featured_media":0,"parent":0,"menu_order":0,"comment_status":"closed","ping_status":"closed","template":"","meta":{"footnotes":""},"class_list":["post-22094","page","type-page","status-publish","hentry"],"_links":{"self":[{"href":"https:\/\/www.rdvcarthage.com\/en\/wp-json\/wp\/v2\/pages\/22094","targetHints":{"allow":["GET"]}}],"collection":[{"href":"https:\/\/www.rdvcarthage.com\/en\/wp-json\/wp\/v2\/pages"}],"about":[{"href":"https:\/\/www.rdvcarthage.com\/en\/wp-json\/wp\/v2\/types\/page"}],"author":[{"embeddable":true,"href":"https:\/\/www.rdvcarthage.com\/en\/wp-json\/wp\/v2\/users\/1"}],"replies":[{"embeddable":true,"href":"https:\/\/www.rdvcarthage.com\/en\/wp-json\/wp\/v2\/comments?post=22094"}],"version-history":[{"count":210,"href":"https:\/\/www.rdvcarthage.com\/en\/wp-json\/wp\/v2\/pages\/22094\/revisions"}],"predecessor-version":[{"id":25629,"href":"https:\/\/www.rdvcarthage.com\/en\/wp-json\/wp\/v2\/pages\/22094\/revisions\/25629"}],"wp:attachment":[{"href":"https:\/\/www.rdvcarthage.com\/en\/wp-json\/wp\/v2\/media?parent=22094"}],"curies":[{"name":"wp","href":"https:\/\/api.w.org\/{rel}","templated":true}]}}